{"id":72,"date":"2024-06-19T14:01:00","date_gmt":"2024-06-19T12:01:00","guid":{"rendered":"https:\/\/comportementaliste-felin.com\/?page_id=72"},"modified":"2024-06-21T22:40:47","modified_gmt":"2024-06-21T20:40:47","slug":"tarifs","status":"publish","type":"page","link":"https:\/\/comportementaliste-felin.com\/?page_id=72","title":{"rendered":"Tarifs"},"content":{"rendered":"\n<p>Intervention par mail, messenger et\/ou visio : <strong>30\u20ac<\/strong><\/p>\n\n\n\n<p>Bilan \u00e0 domicile : <strong>50\u20ac (+ frais de d\u00e9placement)<\/strong><\/p>\n\n\n\n<p>S\u00e9ance de suivi (pour la m\u00eame probl\u00e9matique) : <strong>30\u20ac<\/strong><\/p>\n","protected":false},"excerpt":{"rendered":"<p>Intervention par mail, messenger et\/ou visio : 30\u20ac Bilan \u00e0 domicile : 50\u20ac (+ frais de d\u00e9placement) S\u00e9ance de suivi (pour la m\u00eame probl\u00e9matique) : 30\u20ac<\/p>\n","protected":false},"author":1,"featured_media":0,"parent":0,"menu_order":0,"comment_status":"closed","ping_status":"closed","template":"","meta":{"footnotes":""},"class_list":["post-72","page","type-page","status-publish","hentry"],"_links":{"self":[{"href":"https:\/\/comportementaliste-felin.com\/index.php?rest_route=\/wp\/v2\/pages\/72","targetHints":{"allow":["GET"]}}],"collection":[{"href":"https:\/\/comportementaliste-felin.com\/index.php?rest_route=\/wp\/v2\/pages"}],"about":[{"href":"https:\/\/comportementaliste-felin.com\/index.php?rest_route=\/wp\/v2\/types\/page"}],"author":[{"embeddable":true,"href":"https:\/\/comportementaliste-felin.com\/index.php?rest_route=\/wp\/v2\/users\/1"}],"replies":[{"embeddable":true,"href":"https:\/\/comportementaliste-felin.com\/index.php?rest_route=%2Fwp%2Fv2%2Fcomments&post=72"}],"version-history":[{"count":4,"href":"https:\/\/comportementaliste-felin.com\/index.php?rest_route=\/wp\/v2\/pages\/72\/revisions"}],"predecessor-version":[{"id":85,"href":"https:\/\/comportementaliste-felin.com\/index.php?rest_route=\/wp\/v2\/pages\/72\/revisions\/85"}],"wp:attachment":[{"href":"https:\/\/comportementaliste-felin.com\/index.php?rest_route=%2Fwp%2Fv2%2Fmedia&parent=72"}],"curies":[{"name":"wp","href":"https:\/\/api.w.org\/{rel}","templated":true}]}}