{"id":43,"date":"2022-08-07T10:47:48","date_gmt":"2022-08-07T08:47:48","guid":{"rendered":"http:\/\/comportementaliste-felin.com\/?page_id=43"},"modified":"2025-06-29T22:26:10","modified_gmt":"2025-06-29T20:26:10","slug":"qui-suis-je","status":"publish","type":"page","link":"https:\/\/comportementaliste-felin.com\/","title":{"rendered":"Qui suis-je?"},"content":{"rendered":"\n<p class=\"has-medium-font-size\">Bonjour \u00e0 tous, je m&#8217;appelle Julie et j&#8217;habite en r\u00e9gion li\u00e9geoise en Belgique. <\/p>\n\n\n\n<p class=\"has-medium-font-size\">En tant que <strong>comportementaliste f\u00e9lin<\/strong> (certains pr\u00e9f\u00e8rent le terme &#8220;coach&#8221; f\u00e9lin), mon travail consiste \u00e0 <strong>am\u00e9liorer la relation entre le propri\u00e9taire et son chat<\/strong>. Je propose des solutions aux probl\u00e8mes de comportement qui vous d\u00e9rangent tout en respectant le <strong>bien-\u00eatre<\/strong> et la nature de votre chat. <\/p>\n\n\n\n<h3 class=\"wp-block-heading\">Pourquoi faire appel \u00e0 un comportementaliste f\u00e9lin<\/h3>\n\n\n\n<ol style=\"font-size:16px\" class=\"wp-block-list\">\n<li><strong>Agressivit\u00e9 (griffures, morsures, bagarres) <\/strong><\/li>\n\n\n\n<li><strong>Comportement destructeur, griffades <\/strong><\/li>\n\n\n\n<li><strong>Malpropret\u00e9 ou marquage <\/strong><\/li>\n\n\n\n<li><strong>Miaulements excessifs<\/strong><\/li>\n\n\n\n<li><strong>Stress, peur et anxi\u00e9t\u00e9<\/strong><\/li>\n\n\n\n<li><strong>TOC (Troubles obsessionnels compulsifs)<\/strong><\/li>\n\n\n\n<li><strong>Cohabitation difficile avec les humains <\/strong><\/li>\n\n\n\n<li><strong>Cohabitation difficile avec d&#8217;autres chats ou d&#8217;autres animaux <\/strong><\/li>\n\n\n\n<li><strong>Conseils avant une adoption<\/strong><\/li>\n\n\n\n<li><strong>Arriv\u00e9e d&#8217;un enfant<\/strong><\/li>\n\n\n\n<li><strong>Arriv\u00e9e d&#8217;un autre chat ou d&#8217;un autre animal<\/strong><\/li>\n\n\n\n<li><strong>Enrichissement de l&#8217;environnement du chat afin d&#8217;am\u00e9liorer son bien-\u00eatre<\/strong><\/li>\n\n\n\n<li><strong>Bilan nutritionnel<\/strong><\/li>\n\n\n\n<li><strong>Probl\u00e8mes alimentaires<\/strong><\/li>\n<\/ol>\n\n\n\n<h3 class=\"wp-block-heading\">Diplom\u00e9e assistante v\u00e9t\u00e9rinaire<\/h3>\n\n\n\n<p class=\"has-medium-font-size\">Etant <strong>dipl\u00f4m\u00e9e assistante v\u00e9t\u00e9rinaire<\/strong>, je peux directement vous orienter vers un v\u00e9t\u00e9rinaire si j&#8217;estime que votre chat a un probl\u00e8me de sant\u00e9 ou un probl\u00e8me de comportement qui n\u00e9cessite une m\u00e9dication. <strong>Le comportementaliste, s&#8217;il n&#8217;est pas v\u00e9t\u00e9rinaire, n&#8217;est pas apte \u00e0 prescrire un traitement.<\/strong> La malpropret\u00e9 par exemple, n&#8217;est pas toujours un probl\u00e8me de comportement. Elle peut \u00eatre la cons\u00e9quence d&#8217;une maladie (diab\u00e8te, insuffisance r\u00e9nale,&#8230;). Si l&#8217;attitude de votre chat change du tout au tout, ou s&#8217;il ne s&#8217;alimente plus, <strong>le premier r\u00e9flexe est de contacter un v\u00e9t\u00e9rinaire<\/strong>. Je ne suis pas non plus &#8220;dresseur&#8221; et je ne vais pas apprendre des &#8220;tours&#8221; \u00e0 votre chat. C&#8217;est un tout autre domaine qui ne me concerne pas.<\/p>\n\n\n\n<h3 class=\"wp-block-heading\">Implication du propri\u00e9taire<\/h3>\n\n\n\n<p>Attention, le bien-\u00eatre de votre chat passe par votre implication. Je vous propose des solutions pour g\u00e9rer et r\u00e9soudre les probl\u00e9matiques, mais c&#8217;est \u00e0 vous de faire le plus gros du travail.<\/p>\n\n\n\n<h3 class=\"wp-block-heading\">Mon parcours <\/h3>\n\n\n\n<p class=\"has-medium-font-size\">Je peux dire que je me passionne pour les chats depuis mon plus jeune \u00e2ge. J&#8217;ai toujours v\u00e9cu avec des chats autour de moi. Je n&#8217;imagine pas ma vie sans eux. Durant mes \u00e9tudes d&#8217;assistante v\u00e9t\u00e9rinaire, j&#8217;ai pu avoir une base d&#8217;\u00e9thologie (canine et f\u00e9line) que j&#8217;ai perfectionn\u00e9e par la suite en lisant de nombreux livres et en me formant avec des comportementalistes et des v\u00e9t\u00e9rinaires. J&#8217;ai \u00e9galement valid\u00e9 une formation en nutrition du chien et du chat avec le Dr V\u00e9t\u00e9rinaire nutritionniste Charlotte Devaux. J&#8217;ai volontairement choisi de me consacrer uniquement \u00e0 l&#8217;esp\u00e8ce f\u00e9line, afin d&#8217;am\u00e9liorer sans cesse mes connaissances et mon expertise. J&#8217;estime que l&#8217;\u00e9thologie est une science qui \u00e9volue et je continuerai donc \u00e0 me former. Le chat est un animal \u00e9nigmatique et complexe&#8230; qui me passionnera toujours !<\/p>\n\n\n\n<p><\/p>\n\n\n\n<p class=\"has-medium-font-size\">Julie <\/p>\n\n\n\n<p><\/p>\n\n\n\n<p><\/p>\n\n\n\n<p><\/p>\n","protected":false},"excerpt":{"rendered":"<p>Bonjour \u00e0 tous, je m&#8217;appelle Julie et j&#8217;habite en r\u00e9gion li\u00e9geoise en Belgique. En tant que comportementaliste f\u00e9lin (certains pr\u00e9f\u00e8rent le terme &#8220;coach&#8221; f\u00e9lin), mon travail consiste \u00e0 am\u00e9liorer la relation entre le propri\u00e9taire et son chat. Je propose des solutions aux probl\u00e8mes de comportement qui vous d\u00e9rangent tout en respectant le bien-\u00eatre et la&#8230;<\/p>\n","protected":false},"author":1,"featured_media":0,"parent":0,"menu_order":0,"comment_status":"closed","ping_status":"closed","template":"","meta":{"footnotes":""},"class_list":["post-43","page","type-page","status-publish","hentry"],"_links":{"self":[{"href":"https:\/\/comportementaliste-felin.com\/index.php?rest_route=\/wp\/v2\/pages\/43","targetHints":{"allow":["GET"]}}],"collection":[{"href":"https:\/\/comportementaliste-felin.com\/index.php?rest_route=\/wp\/v2\/pages"}],"about":[{"href":"https:\/\/comportementaliste-felin.com\/index.php?rest_route=\/wp\/v2\/types\/page"}],"author":[{"embeddable":true,"href":"https:\/\/comportementaliste-felin.com\/index.php?rest_route=\/wp\/v2\/users\/1"}],"replies":[{"embeddable":true,"href":"https:\/\/comportementaliste-felin.com\/index.php?rest_route=%2Fwp%2Fv2%2Fcomments&post=43"}],"version-history":[{"count":6,"href":"https:\/\/comportementaliste-felin.com\/index.php?rest_route=\/wp\/v2\/pages\/43\/revisions"}],"predecessor-version":[{"id":102,"href":"https:\/\/comportementaliste-felin.com\/index.php?rest_route=\/wp\/v2\/pages\/43\/revisions\/102"}],"wp:attachment":[{"href":"https:\/\/comportementaliste-felin.com\/index.php?rest_route=%2Fwp%2Fv2%2Fmedia&parent=43"}],"curies":[{"name":"wp","href":"https:\/\/api.w.org\/{rel}","templated":true}]}}